{"id":1073,"date":"2021-08-25T11:33:57","date_gmt":"2021-08-25T11:33:57","guid":{"rendered":"https:\/\/in-digi.com\/?page_id=1073"},"modified":"2021-08-25T12:04:38","modified_gmt":"2021-08-25T12:04:38","slug":"terms-of-service","status":"publish","type":"page","link":"https:\/\/in-digi.com\/pt\/terms-of-service\/","title":{"rendered":"Terms of Service"},"content":{"rendered":"<style>.elementor-1073 .elementor-element.elementor-element-39fe3b0e > .elementor-container{max-width:1170px;}.elementor-1073 .elementor-element.elementor-element-39fe3b0e:not(.elementor-motion-effects-element-type-background), .elementor-1073 .elementor-element.elementor-element-39fe3b0e > .elementor-motion-effects-container > .elementor-motion-effects-layer{background-image:url(\"https:\/\/in-digi.com\/wp-content\/uploads\/2021\/07\/happy-businesspeople-with-raised-hands-sitting-on-chairs-at-training-in-hub.jpg\");background-position:center center;background-size:cover;}.elementor-1073 .elementor-element.elementor-element-39fe3b0e > .elementor-background-overlay{background-color:#000000;opacity:0.65;transition:background 0.3s, border-radius 0.3s, opacity 0.3s;}.elementor-1073 .elementor-element.elementor-element-39fe3b0e{transition:background 0.3s, border 0.3s, border-radius 0.3s, box-shadow 0.3s;padding:140px 0px 140px 0px;overflow:visible;}.elementor-1073 .elementor-element.elementor-element-306cb759.elementor-column > .elementor-widget-wrap{justify-content:center;}.elementor-1073 .elementor-element.elementor-element-10aa8311{text-align:center;}.elementor-1073 .elementor-element.elementor-element-10aa8311 .elementor-heading-title{font-family:var( --e-global-typography-secondary-font-family ), Sans-serif;font-size:var( --e-global-typography-secondary-font-size );font-weight:var( --e-global-typography-secondary-font-weight );line-height:var( --e-global-typography-secondary-line-height );color:#FFFFFF;}.elementor-1073 .elementor-element.elementor-element-2b351cf{overflow:visible;}.elementor-1073 .elementor-element.elementor-element-a8122f6 > .elementor-widget-container{margin:50px 0px 0px 0px;}.elementor-1073 .elementor-element.elementor-element-789cbc2{overflow:visible;}.elementor-1073 .elementor-element.elementor-element-b47621e > .elementor-widget-container{margin:50px 0px 0px 0px;}@media(max-width:1024px){.elementor-1073 .elementor-element.elementor-element-39fe3b0e{padding:100px 0px 100px 0px;}.elementor-1073 .elementor-element.elementor-element-10aa8311 .elementor-heading-title{font-size:var( --e-global-typography-secondary-font-size );line-height:var( --e-global-typography-secondary-line-height );}}@media(max-width:767px){.elementor-1073 .elementor-element.elementor-element-39fe3b0e{padding:80px 10px 80px 10px;}.elementor-1073 .elementor-element.elementor-element-10aa8311 .elementor-heading-title{font-size:var( --e-global-typography-secondary-font-size );line-height:var( --e-global-typography-secondary-line-height );}}<\/style>\t\t<div data-elementor-type=\"wp-page\" data-elementor-id=\"1073\" class=\"elementor elementor-1073\" data-elementor-post-type=\"page\">\n\t\t\t\t\t\t<section data-particle_enable=\"false\" data-particle-mobile-disabled=\"false\" class=\"elementor-section elementor-top-section elementor-element elementor-element-39fe3b0e elementor-section-boxed elementor-section-height-default elementor-section-height-default\" data-id=\"39fe3b0e\" data-element_type=\"section\" data-e-type=\"section\" data-settings=\"{&quot;background_background&quot;:&quot;classic&quot;,&quot;ekit_has_onepagescroll_dot&quot;:&quot;yes&quot;}\">\n\t\t\t\t\t\t\t<div class=\"elementor-background-overlay\"><\/div>\n\t\t\t\t\t\t\t<div class=\"elementor-container elementor-column-gap-default\">\n\t\t\t\t\t<div class=\"elementor-column elementor-col-100 elementor-top-column elementor-element elementor-element-306cb759\" data-id=\"306cb759\" data-element_type=\"column\" data-e-type=\"column\">\n\t\t\t<div class=\"elementor-widget-wrap elementor-element-populated\">\n\t\t\t\t\t\t<div class=\"elementor-element elementor-element-10aa8311 elementor-widget elementor-widget-heading\" data-id=\"10aa8311\" data-element_type=\"widget\" data-e-type=\"widget\" data-settings=\"{&quot;ekit_we_effect_on&quot;:&quot;none&quot;}\" data-widget_type=\"heading.default\">\n\t\t\t\t<div class=\"elementor-widget-container\">\n\t\t\t\t\t<h2 class=\"elementor-heading-title elementor-size-default\">Terms of Service<\/h2>\t\t\t\t<\/div>\n\t\t\t\t<\/div>\n\t\t\t\t\t<\/div>\n\t\t<\/div>\n\t\t\t\t\t<\/div>\n\t\t<\/section>\n\t\t\t\t<section data-particle_enable=\"false\" data-particle-mobile-disabled=\"false\" class=\"elementor-section elementor-top-section elementor-element elementor-element-789cbc2 elementor-section-boxed elementor-section-height-default elementor-section-height-default\" data-id=\"789cbc2\" data-element_type=\"section\" data-e-type=\"section\" data-settings=\"{&quot;ekit_has_onepagescroll_dot&quot;:&quot;yes&quot;}\" data-no-translation=\"\">\n\t\t\t\t\t\t<div class=\"elementor-container elementor-column-gap-default\">\n\t\t\t\t\t<div class=\"elementor-column elementor-col-100 elementor-top-column elementor-element elementor-element-38c978e\" data-id=\"38c978e\" data-element_type=\"column\" data-e-type=\"column\">\n\t\t\t<div class=\"elementor-widget-wrap elementor-element-populated\">\n\t\t\t\t\t\t<div class=\"elementor-element elementor-element-b47621e elementor-widget elementor-widget-text-editor\" data-id=\"b47621e\" data-element_type=\"widget\" data-e-type=\"widget\" data-settings=\"{&quot;ekit_we_effect_on&quot;:&quot;none&quot;}\" data-no-translation=\"\" data-widget_type=\"text-editor.default\">\n\t\t\t\t<div class=\"elementor-widget-container\">\n\t\t\t\t\t\t\t\t\t<h2>1. Termos<\/h2><p>Ao acessar ao site\u00a0<a href=\"https:\/\/in-digi.com\/\">In Digi &#8211; Digital Marketing Agency<\/a>, concorda em cumprir estes termos de servi\u00e7o, todas as leis e regulamentos aplic\u00e1veis \u200b\u200be concorda que \u00e9 respons\u00e1vel pelo cumprimento de todas as leis locais aplic\u00e1veis. Se voc\u00ea n\u00e3o concordar com algum desses termos, est\u00e1 proibido de usar ou acessar este site. Os materiais contidos neste site s\u00e3o protegidos pelas leis de direitos autorais e marcas comerciais aplic\u00e1veis.<\/p><h2>2. Uso de Licen\u00e7a<\/h2><p>\u00c9 concedida permiss\u00e3o para baixar temporariamente uma c\u00f3pia dos materiais (informa\u00e7\u00f5es ou software) no site In Digi &#8211; Digital Marketing Agency , apenas para visualiza\u00e7\u00e3o transit\u00f3ria pessoal e n\u00e3o comercial. Esta \u00e9 a concess\u00e3o de uma licen\u00e7a, n\u00e3o uma transfer\u00eancia de t\u00edtulo e, sob esta licen\u00e7a, voc\u00ea n\u00e3o pode:\u00a0<\/p><ol><li>modificar ou copiar os materiais;\u00a0<\/li><li>usar os materiais para qualquer finalidade comercial ou para exibi\u00e7\u00e3o p\u00fablica (comercial ou n\u00e3o comercial);\u00a0<\/li><li>tentar descompilar ou fazer engenharia reversa de qualquer software contido no site In Digi &#8211; Digital Marketing Agency;\u00a0<\/li><li>remover quaisquer direitos autorais ou outras nota\u00e7\u00f5es de propriedade dos materiais; ou\u00a0<\/li><li>transferir os materiais para outra pessoa ou &#8216;espelhe&#8217; os materiais em qualquer outro servidor.<\/li><\/ol><p>Esta licen\u00e7a ser\u00e1 automaticamente rescindida se voc\u00ea violar alguma dessas restri\u00e7\u00f5es e poder\u00e1 ser rescindida por In Digi &#8211; Digital Marketing Agency a qualquer momento. Ao encerrar a visualiza\u00e7\u00e3o desses materiais ou ap\u00f3s o t\u00e9rmino desta licen\u00e7a, voc\u00ea deve apagar todos os materiais baixados em sua posse, seja em formato eletr\u00f3nico ou impresso.<\/p><h2>3. Isen\u00e7\u00e3o de responsabilidade<\/h2><ol><li>Os materiais no site da In Digi &#8211; Digital Marketing Agency s\u00e3o fornecidos &#8216;como est\u00e3o&#8217;. In Digi &#8211; Digital Marketing Agency n\u00e3o oferece garantias, expressas ou impl\u00edcitas, e, por este meio, isenta e nega todas as outras garantias, incluindo, sem limita\u00e7\u00e3o, garantias impl\u00edcitas ou condi\u00e7\u00f5es de comercializa\u00e7\u00e3o, adequa\u00e7\u00e3o a um fim espec\u00edfico ou n\u00e3o viola\u00e7\u00e3o de propriedade intelectual ou outra viola\u00e7\u00e3o de direitos.<\/li><li>Al\u00e9m disso, o In Digi &#8211; Digital Marketing Agency n\u00e3o garante ou faz qualquer representa\u00e7\u00e3o relativa \u00e0 precis\u00e3o, aos resultados prov\u00e1veis \u200b\u200bou \u00e0 confiabilidade do uso dos materiais em seu site ou de outra forma relacionado a esses materiais ou em sites vinculados a este site.<\/li><\/ol><h2>4. Limita\u00e7\u00f5es<\/h2><p>Em nenhum caso o In Digi &#8211; Digital Marketing Agency ou seus fornecedores ser\u00e3o respons\u00e1veis \u200b\u200bpor quaisquer danos (incluindo, sem limita\u00e7\u00e3o, danos por perda de dados ou lucro ou devido a interrup\u00e7\u00e3o dos neg\u00f3cios) decorrentes do uso ou da incapacidade de usar os materiais em In Digi &#8211; Digital Marketing Agency, mesmo que In Digi &#8211; Digital Marketing Agency ou um representante autorizado da In Digi &#8211; Digital Marketing Agency tenha sido notificado oralmente ou por escrito da possibilidade de tais danos. Como algumas jurisdi\u00e7\u00f5es n\u00e3o permitem limita\u00e7\u00f5es em garantias impl\u00edcitas, ou limita\u00e7\u00f5es de responsabilidade por danos conseq\u00fcentes ou incidentais, essas limita\u00e7\u00f5es podem n\u00e3o se aplicar a voc\u00ea.<\/p><h2>5. Precis\u00e3o dos materiais<\/h2><p>Os materiais exibidos no site da In Digi &#8211; Digital Marketing Agency podem incluir erros t\u00e9cnicos, tipogr\u00e1ficos ou fotogr\u00e1ficos. In Digi &#8211; Digital Marketing Agency n\u00e3o garante que qualquer material em seu site seja preciso, completo ou atual. In Digi &#8211; Digital Marketing Agency pode fazer altera\u00e7\u00f5es nos materiais contidos em seu site a qualquer momento, sem aviso pr\u00e9vio. No entanto, In Digi &#8211; Digital Marketing Agency n\u00e3o se compromete a atualizar os materiais.<\/p><h2>6. Links<\/h2><p>O In Digi &#8211; Digital Marketing Agency n\u00e3o analisou todos os sites vinculados ao seu site e n\u00e3o \u00e9 respons\u00e1vel pelo conte\u00fado de nenhum site vinculado. A inclus\u00e3o de qualquer link n\u00e3o implica endosso por In Digi &#8211; Digital Marketing Agency do site. O uso de qualquer site vinculado \u00e9 por conta e risco do usu\u00e1rio.<\/p><p>\u00a0<\/p><h3>Modifica\u00e7\u00f5es<\/h3><p>O In Digi &#8211; Digital Marketing Agency pode revisar estes termos de servi\u00e7o do site a qualquer momento, sem aviso pr\u00e9vio. Ao usar este site, voc\u00ea concorda em ficar vinculado \u00e0 vers\u00e3o atual desses termos de servi\u00e7o.<\/p><h3>Lei aplic\u00e1vel<\/h3><p>Estes termos e condi\u00e7\u00f5es s\u00e3o regidos e interpretados de acordo com as leis do In Digi &#8211; Digital Marketing Agency e voc\u00ea se submete irrevogavelmente \u00e0 jurisdi\u00e7\u00e3o exclusiva dos tribunais naquele estado ou localidade.<\/p>\t\t\t\t\t\t\t\t<\/div>\n\t\t\t\t<\/div>\n\t\t\t\t\t<\/div>\n\t\t<\/div>\n\t\t\t\t\t<\/div>\n\t\t<\/section>\n\t\t\t\t<\/div>","protected":false},"excerpt":{"rendered":"<p>Terms of Service 1.Terms of Service 1. Terms By accessing the website at\u00a0In Digi &#8211; Digital Marketing Agency\u00a0you are agreeing to be bound by these terms of service, all applicable laws and regulations, and agree that you are responsible for compliance with any applicable local laws. If you do not agree with any of these [&hellip;]<\/p>\n","protected":false},"author":1,"featured_media":0,"parent":0,"menu_order":0,"comment_status":"closed","ping_status":"closed","template":"elementor_header_footer","meta":{"footnotes":""},"class_list":["post-1073","page","type-page","status-publish","hentry"],"_links":{"self":[{"href":"https:\/\/in-digi.com\/pt\/wp-json\/wp\/v2\/pages\/1073","targetHints":{"allow":["GET"]}}],"collection":[{"href":"https:\/\/in-digi.com\/pt\/wp-json\/wp\/v2\/pages"}],"about":[{"href":"https:\/\/in-digi.com\/pt\/wp-json\/wp\/v2\/types\/page"}],"author":[{"embeddable":true,"href":"https:\/\/in-digi.com\/pt\/wp-json\/wp\/v2\/users\/1"}],"replies":[{"embeddable":true,"href":"https:\/\/in-digi.com\/pt\/wp-json\/wp\/v2\/comments?post=1073"}],"version-history":[{"count":0,"href":"https:\/\/in-digi.com\/pt\/wp-json\/wp\/v2\/pages\/1073\/revisions"}],"wp:attachment":[{"href":"https:\/\/in-digi.com\/pt\/wp-json\/wp\/v2\/media?parent=1073"}],"curies":[{"name":"wp","href":"https:\/\/api.w.org\/{rel}","templated":true}]}}