{"id":1527,"date":"2021-10-18T19:09:27","date_gmt":"2021-10-18T19:09:27","guid":{"rendered":"https:\/\/in-digi.com\/?page_id=1527"},"modified":"2021-10-20T19:09:40","modified_gmt":"2021-10-20T19:09:40","slug":"pandemic-impact-on-digital-marketing-of-local-businesses-questionnaire","status":"publish","type":"page","link":"https:\/\/in-digi.com\/fr\/pandemic-impact-on-digital-marketing-of-local-businesses-questionnaire\/","title":{"rendered":"Pandemic impact on digital marketing of local businesses &#8211; questionnaire"},"content":{"rendered":"<style>.elementor-1527 .elementor-element.elementor-element-5caf6694 > .elementor-container{max-width:1170px;}.elementor-1527 .elementor-element.elementor-element-5caf6694:not(.elementor-motion-effects-element-type-background), .elementor-1527 .elementor-element.elementor-element-5caf6694 > .elementor-motion-effects-container > .elementor-motion-effects-layer{background-image:url(\"https:\/\/in-digi.com\/wp-content\/uploads\/2021\/07\/analytical-expert-explaining-statistics-to-businessman.jpg\");background-position:center center;background-repeat:no-repeat;background-size:cover;}.elementor-1527 .elementor-element.elementor-element-5caf6694 > .elementor-background-overlay{background-color:#000000;opacity:0.65;transition:background 0.3s, border-radius 0.3s, opacity 0.3s;}.elementor-1527 .elementor-element.elementor-element-5caf6694{transition:background 0.3s, border 0.3s, border-radius 0.3s, box-shadow 0.3s;padding:140px 0px 140px 0px;overflow:visible;}.elementor-1527 .elementor-element.elementor-element-1b81305b.elementor-column > .elementor-widget-wrap{justify-content:center;}.elementor-1527 .elementor-element.elementor-element-67679480{text-align:center;}.elementor-1527 .elementor-element.elementor-element-67679480 .elementor-heading-title{font-family:var( --e-global-typography-secondary-font-family ), Sans-serif;font-size:var( --e-global-typography-secondary-font-size );font-weight:var( --e-global-typography-secondary-font-weight );line-height:var( --e-global-typography-secondary-line-height );color:#FFFFFF;}.elementor-1527 .elementor-element.elementor-element-723eb85e{transition:background 0.3s, border 0.3s, border-radius 0.3s, box-shadow 0.3s;padding:100px 0px 140px 0px;overflow:visible;}.elementor-1527 .elementor-element.elementor-element-723eb85e > .elementor-background-overlay{transition:background 0.3s, border-radius 0.3s, opacity 0.3s;}.elementor-1527 .elementor-element.elementor-element-3e693f71.elementor-column > .elementor-widget-wrap{justify-content:center;}.elementor-1527 .elementor-element.elementor-element-707ac1d7{text-align:center;width:auto;max-width:auto;}.elementor-1527 .elementor-element.elementor-element-707ac1d7 .elementor-heading-title{font-family:var( --e-global-typography-secondary-font-family ), Sans-serif;font-size:var( --e-global-typography-secondary-font-size );font-weight:var( --e-global-typography-secondary-font-weight );line-height:var( --e-global-typography-secondary-line-height );color:var( --e-global-color-primary );}.elementor-1527 .elementor-element.elementor-element-707ac1d7 > .elementor-widget-container{padding:0px 0px 0px 20px;border-style:solid;border-width:0px 0px 0px 5px;border-color:var( --e-global-color-accent );}.elementor-1527 .elementor-element.elementor-element-37f01872{text-align:justify;font-family:var( --e-global-typography-text-font-family ), Sans-serif;font-size:var( --e-global-typography-text-font-size );font-weight:var( --e-global-typography-text-font-weight );line-height:var( --e-global-typography-text-line-height );}.elementor-1527 .elementor-element.elementor-element-37f01872 > .elementor-widget-container{margin:20px 0px 0px 0px;padding:0% 10% 0% 10%;}.elementor-1527 .elementor-element.elementor-element-69d73fbd > .elementor-container{max-width:1170px;}.elementor-1527 .elementor-element.elementor-element-69d73fbd:not(.elementor-motion-effects-element-type-background), .elementor-1527 .elementor-element.elementor-element-69d73fbd > .elementor-motion-effects-container > .elementor-motion-effects-layer{background-image:url(\"https:\/\/in-digi.com\/wp-content\/uploads\/2021\/07\/team-of-cheerful-business-people-in-meeting.jpg\");background-position:0px 0%;background-repeat:no-repeat;background-size:cover;}.elementor-1527 .elementor-element.elementor-element-69d73fbd > .elementor-background-overlay{background-color:#000000;opacity:0.75;transition:background 0.3s, border-radius 0.3s, opacity 0.3s;}.elementor-1527 .elementor-element.elementor-element-69d73fbd{transition:background 0.3s, border 0.3s, border-radius 0.3s, box-shadow 0.3s;padding:100px 0px 100px 0px;overflow:visible;}.elementor-1527 .elementor-element.elementor-element-6d1be13b{text-align:center;}.elementor-1527 .elementor-element.elementor-element-6d1be13b .elementor-heading-title{font-family:var( --e-global-typography-secondary-font-family ), Sans-serif;font-size:var( --e-global-typography-secondary-font-size );font-weight:var( --e-global-typography-secondary-font-weight );line-height:var( --e-global-typography-secondary-line-height );color:#FFFFFF;}.elementor-1527 .elementor-element.elementor-element-1d3a76b2 .elementor-button{font-family:var( --e-global-typography-9581d49-font-family ), Sans-serif;font-size:var( --e-global-typography-9581d49-font-size );font-weight:var( --e-global-typography-9581d49-font-weight );line-height:var( --e-global-typography-9581d49-line-height );letter-spacing:var( --e-global-typography-9581d49-letter-spacing );word-spacing:var( --e-global-typography-9581d49-word-spacing );fill:#FFFFFF;color:#FFFFFF;background-color:var( --e-global-color-accent );border-radius:0px 0px 0px 0px;padding:20px 40px 20px 40px;}@media(min-width:1025px){.elementor-1527 .elementor-element.elementor-element-69d73fbd:not(.elementor-motion-effects-element-type-background), .elementor-1527 .elementor-element.elementor-element-69d73fbd > .elementor-motion-effects-container > .elementor-motion-effects-layer{background-attachment:fixed;}}@media(max-width:1024px){.elementor-1527 .elementor-element.elementor-element-5caf6694{padding:100px 0px 100px 0px;}.elementor-1527 .elementor-element.elementor-element-67679480 .elementor-heading-title{font-size:var( --e-global-typography-secondary-font-size );line-height:var( --e-global-typography-secondary-line-height );}.elementor-1527 .elementor-element.elementor-element-723eb85e{padding:80px 10px 80px 10px;}.elementor-1527 .elementor-element.elementor-element-3e693f71 > .elementor-element-populated{padding:0px 10px 0px 10px;}.elementor-1527 .elementor-element.elementor-element-707ac1d7 .elementor-heading-title{font-size:var( --e-global-typography-secondary-font-size );line-height:var( --e-global-typography-secondary-line-height );}.elementor-1527 .elementor-element.elementor-element-37f01872{font-size:var( --e-global-typography-text-font-size );line-height:var( --e-global-typography-text-line-height );}.elementor-1527 .elementor-element.elementor-element-37f01872 > .elementor-widget-container{padding:0% 10% 0% 10%;}.elementor-1527 .elementor-element.elementor-element-69d73fbd:not(.elementor-motion-effects-element-type-background), .elementor-1527 .elementor-element.elementor-element-69d73fbd > .elementor-motion-effects-container > .elementor-motion-effects-layer{background-position:0px 0px;}.elementor-1527 .elementor-element.elementor-element-69d73fbd{padding:80px 10px 80px 10px;}.elementor-1527 .elementor-element.elementor-element-6d1be13b .elementor-heading-title{font-size:var( --e-global-typography-secondary-font-size );line-height:var( --e-global-typography-secondary-line-height );}.elementor-1527 .elementor-element.elementor-element-1d3a76b2 .elementor-button{font-size:var( --e-global-typography-9581d49-font-size );line-height:var( --e-global-typography-9581d49-line-height );letter-spacing:var( --e-global-typography-9581d49-letter-spacing );word-spacing:var( --e-global-typography-9581d49-word-spacing );}}@media(max-width:767px){.elementor-1527 .elementor-element.elementor-element-5caf6694{padding:80px 10px 80px 10px;}.elementor-1527 .elementor-element.elementor-element-67679480 .elementor-heading-title{font-size:var( --e-global-typography-secondary-font-size );line-height:var( --e-global-typography-secondary-line-height );}.elementor-1527 .elementor-element.elementor-element-723eb85e{padding:40px 10px 40px 10px;}.elementor-1527 .elementor-element.elementor-element-707ac1d7 .elementor-heading-title{font-size:var( --e-global-typography-secondary-font-size );line-height:var( --e-global-typography-secondary-line-height );}.elementor-1527 .elementor-element.elementor-element-37f01872{font-size:var( --e-global-typography-text-font-size );line-height:var( --e-global-typography-text-line-height );}.elementor-1527 .elementor-element.elementor-element-37f01872 > .elementor-widget-container{padding:0px 0px 0px 0px;}.elementor-1527 .elementor-element.elementor-element-69d73fbd:not(.elementor-motion-effects-element-type-background), .elementor-1527 .elementor-element.elementor-element-69d73fbd > .elementor-motion-effects-container > .elementor-motion-effects-layer{background-position:0px 0px;}.elementor-1527 .elementor-element.elementor-element-69d73fbd{padding:40px 10px 40px 10px;}.elementor-1527 .elementor-element.elementor-element-6d1be13b .elementor-heading-title{font-size:var( --e-global-typography-secondary-font-size );line-height:var( --e-global-typography-secondary-line-height );}.elementor-1527 .elementor-element.elementor-element-1d3a76b2 .elementor-button{font-size:var( --e-global-typography-9581d49-font-size );line-height:var( --e-global-typography-9581d49-line-height );letter-spacing:var( --e-global-typography-9581d49-letter-spacing );word-spacing:var( --e-global-typography-9581d49-word-spacing );padding:18px 32px 18px 32px;}}<\/style>\t\t<div data-elementor-type=\"wp-page\" data-elementor-id=\"1527\" class=\"elementor elementor-1527\" data-elementor-post-type=\"page\">\n\t\t\t\t\t\t<section data-particle_enable=\"false\" data-particle-mobile-disabled=\"false\" class=\"elementor-section elementor-top-section elementor-element elementor-element-5caf6694 elementor-section-boxed elementor-section-height-default elementor-section-height-default\" data-id=\"5caf6694\" data-element_type=\"section\" data-e-type=\"section\" data-settings=\"{&quot;background_background&quot;:&quot;classic&quot;,&quot;ekit_has_onepagescroll_dot&quot;:&quot;yes&quot;}\">\n\t\t\t\t\t\t\t<div class=\"elementor-background-overlay\"><\/div>\n\t\t\t\t\t\t\t<div class=\"elementor-container elementor-column-gap-default\">\n\t\t\t\t\t<div class=\"elementor-column elementor-col-100 elementor-top-column elementor-element elementor-element-1b81305b\" data-id=\"1b81305b\" data-element_type=\"column\" data-e-type=\"column\">\n\t\t\t<div class=\"elementor-widget-wrap elementor-element-populated\">\n\t\t\t\t\t\t<div class=\"elementor-element elementor-element-67679480 elementor-widget elementor-widget-heading\" data-id=\"67679480\" data-element_type=\"widget\" data-e-type=\"widget\" data-settings=\"{&quot;ekit_we_effect_on&quot;:&quot;none&quot;}\" data-widget_type=\"heading.default\">\n\t\t\t\t<div class=\"elementor-widget-container\">\n\t\t\t\t\t<h2 class=\"elementor-heading-title elementor-size-default\">\u00c9tude de march\u00e9: questionnaire<\/h2>\t\t\t\t<\/div>\n\t\t\t\t<\/div>\n\t\t\t\t\t<\/div>\n\t\t<\/div>\n\t\t\t\t\t<\/div>\n\t\t<\/section>\n\t\t\t\t<section data-particle_enable=\"false\" data-particle-mobile-disabled=\"false\" class=\"elementor-section elementor-top-section elementor-element elementor-element-723eb85e elementor-section-boxed elementor-section-height-default elementor-section-height-default\" data-id=\"723eb85e\" data-element_type=\"section\" data-e-type=\"section\" data-settings=\"{&quot;background_background&quot;:&quot;classic&quot;,&quot;ekit_has_onepagescroll_dot&quot;:&quot;yes&quot;}\">\n\t\t\t\t\t\t<div class=\"elementor-container elementor-column-gap-default\">\n\t\t\t\t\t<div class=\"elementor-column elementor-col-100 elementor-top-column elementor-element elementor-element-3e693f71\" data-id=\"3e693f71\" data-element_type=\"column\" data-e-type=\"column\">\n\t\t\t<div class=\"elementor-widget-wrap elementor-element-populated\">\n\t\t\t\t\t\t<div class=\"elementor-element elementor-element-707ac1d7 elementor-widget__width-auto elementor-widget elementor-widget-heading\" data-id=\"707ac1d7\" data-element_type=\"widget\" data-e-type=\"widget\" data-settings=\"{&quot;ekit_we_effect_on&quot;:&quot;none&quot;}\" data-widget_type=\"heading.default\">\n\t\t\t\t<div class=\"elementor-widget-container\">\n\t\t\t\t\t<h2 class=\"elementor-heading-title elementor-size-default\">L'impact de la pand\u00e9mie sur la num\u00e9risation du marketing des entreprises locales<\/h2>\t\t\t\t<\/div>\n\t\t\t\t<\/div>\n\t\t\t\t<div class=\"elementor-element elementor-element-37f01872 elementor-widget elementor-widget-text-editor\" data-id=\"37f01872\" data-element_type=\"widget\" data-e-type=\"widget\" data-settings=\"{&quot;ekit_we_effect_on&quot;:&quot;none&quot;}\" data-widget_type=\"text-editor.default\">\n\t\t\t\t<div class=\"elementor-widget-container\">\n\t\t\t\t\t\t\t\t\t<p>In Digi - Digital Marketing Agency, soci\u00e9t\u00e9 luxembourgeoise sp\u00e9cialis\u00e9e en Marketing &amp; Digital, r\u00e9alise une enqu\u00eate pour comprendre l'impact de la pand\u00e9mie sur la digitalisation des entreprises locales. Cette enqu\u00eate prend un peu plus de 3 minutes \u00e0 remplir et l'objectif est d'utiliser les donn\u00e9es recueillies pour d\u00e9velopper des solutions qui correspondent aux besoins r\u00e9els des entreprises.<\/p><p>La participation est confidentielle et les donn\u00e9es d'identification du participant resteront exclusivement dans le domaine de In Digi et ne seront pas c\u00e9d\u00e9es \u00e0 des tiers. Les r\u00e9sultats de l'\u00e9tude seront publi\u00e9s sur les canaux num\u00e9riques d'In Digi au cours du mois de janvier 2022.<\/p><p>En \u00e9change, tous les participants ont la possibilit\u00e9 de demander un rapport de diagnostic de leur entreprise dans le monde num\u00e9rique (site web et SEO local) sign\u00e9 par In Digi et la possibilit\u00e9 de programmer 1 heure de conseil gratuit.<\/p>\t\t\t\t\t\t\t\t<\/div>\n\t\t\t\t<\/div>\n\t\t\t\t\t<\/div>\n\t\t<\/div>\n\t\t\t\t\t<\/div>\n\t\t<\/section>\n\t\t\t\t<section data-particle_enable=\"false\" data-particle-mobile-disabled=\"false\" class=\"elementor-section elementor-top-section elementor-element elementor-element-69d73fbd elementor-section-boxed elementor-section-height-default elementor-section-height-default\" data-id=\"69d73fbd\" data-element_type=\"section\" data-e-type=\"section\" data-settings=\"{&quot;background_background&quot;:&quot;classic&quot;,&quot;ekit_has_onepagescroll_dot&quot;:&quot;yes&quot;}\">\n\t\t\t\t\t\t\t<div class=\"elementor-background-overlay\"><\/div>\n\t\t\t\t\t\t\t<div class=\"elementor-container elementor-column-gap-default\">\n\t\t\t\t\t<div class=\"elementor-column elementor-col-100 elementor-top-column elementor-element elementor-element-2d5055d3 animated-slow elementor-invisible\" data-id=\"2d5055d3\" data-element_type=\"column\" data-e-type=\"column\" data-settings=\"{&quot;animation&quot;:&quot;fadeInUp&quot;}\">\n\t\t\t<div class=\"elementor-widget-wrap elementor-element-populated\">\n\t\t\t\t\t\t<div class=\"elementor-element elementor-element-6d1be13b elementor-widget elementor-widget-heading\" data-id=\"6d1be13b\" data-element_type=\"widget\" data-e-type=\"widget\" data-settings=\"{&quot;ekit_we_effect_on&quot;:&quot;none&quot;}\" data-widget_type=\"heading.default\">\n\t\t\t\t<div class=\"elementor-widget-container\">\n\t\t\t\t\t<h2 class=\"elementor-heading-title elementor-size-default\">Posez vos questions\n<\/h2>\t\t\t\t<\/div>\n\t\t\t\t<\/div>\n\t\t\t\t<div class=\"elementor-element elementor-element-1d3a76b2 elementor-align-center elementor-mobile-align-center elementor-widget elementor-widget-button\" data-id=\"1d3a76b2\" data-element_type=\"widget\" data-e-type=\"widget\" data-settings=\"{&quot;ekit_we_effect_on&quot;:&quot;none&quot;}\" data-widget_type=\"button.default\">\n\t\t\t\t<div class=\"elementor-widget-container\">\n\t\t\t\t\t\t\t\t\t<div class=\"elementor-button-wrapper\">\n\t\t\t\t\t<a class=\"elementor-button elementor-button-link elementor-size-sm elementor-animation-float\" href=\"mailto:info@in-digi.com\">\n\t\t\t\t\t\t<span class=\"elementor-button-content-wrapper\">\n\t\t\t\t\t\t\t\t\t<span class=\"elementor-button-text\">Contactez-Nous<\/span>\n\t\t\t\t\t<\/span>\n\t\t\t\t\t<\/a>\n\t\t\t\t<\/div>\n\t\t\t\t\t\t\t\t<\/div>\n\t\t\t\t<\/div>\n\t\t\t\t\t<\/div>\n\t\t<\/div>\n\t\t\t\t\t<\/div>\n\t\t<\/section>\n\t\t\t\t<\/div>","protected":false},"excerpt":{"rendered":"<p>Market Study: questionnaire The impact of the pandemic on the digitalization of local businesses marketing In Digi &#8211; Digital Marketing Agency, a Luxembourg company specialized in Marketing &amp; Digital, is conducting a survey to understand the impact the pandemic had on the digitalization of local businesses. This survey takes just over 3 minutes to complete [&hellip;]<\/p>\n","protected":false},"author":1,"featured_media":0,"parent":0,"menu_order":0,"comment_status":"closed","ping_status":"closed","template":"elementor_header_footer","meta":{"footnotes":""},"class_list":["post-1527","page","type-page","status-publish","hentry"],"_links":{"self":[{"href":"https:\/\/in-digi.com\/fr\/wp-json\/wp\/v2\/pages\/1527","targetHints":{"allow":["GET"]}}],"collection":[{"href":"https:\/\/in-digi.com\/fr\/wp-json\/wp\/v2\/pages"}],"about":[{"href":"https:\/\/in-digi.com\/fr\/wp-json\/wp\/v2\/types\/page"}],"author":[{"embeddable":true,"href":"https:\/\/in-digi.com\/fr\/wp-json\/wp\/v2\/users\/1"}],"replies":[{"embeddable":true,"href":"https:\/\/in-digi.com\/fr\/wp-json\/wp\/v2\/comments?post=1527"}],"version-history":[{"count":41,"href":"https:\/\/in-digi.com\/fr\/wp-json\/wp\/v2\/pages\/1527\/revisions"}],"predecessor-version":[{"id":1584,"href":"https:\/\/in-digi.com\/fr\/wp-json\/wp\/v2\/pages\/1527\/revisions\/1584"}],"wp:attachment":[{"href":"https:\/\/in-digi.com\/fr\/wp-json\/wp\/v2\/media?parent=1527"}],"curies":[{"name":"wp","href":"https:\/\/api.w.org\/{rel}","templated":true}]}}